{"id":18,"date":"2020-12-04T10:50:56","date_gmt":"2020-12-04T10:50:56","guid":{"rendered":"https:\/\/ventanasrd.com\/web\/menu\/"},"modified":"2024-06-03T21:14:00","modified_gmt":"2024-06-03T21:14:00","slug":"materiales-y-recursos","status":"publish","type":"page","link":"https:\/\/ventanasrd.com\/web\/materiales-y-recursos\/","title":{"rendered":"Materiales y Recursos"},"content":{"rendered":"\t\t<div data-elementor-type=\"wp-page\" data-elementor-id=\"18\" class=\"elementor elementor-18\" data-elementor-post-type=\"page\">\n\t\t\t\t\t\t\t<div class=\"elementor-element elementor-element-b3e432b e-flex e-con-boxed e-con e-parent\" data-id=\"b3e432b\" data-element_type=\"container\" data-settings=\"{&quot;background_background&quot;:&quot;slideshow&quot;,&quot;background_slideshow_gallery&quot;:[{&quot;id&quot;:2010,&quot;url&quot;:&quot;https:\\\/\\\/ventanasrd.com\\\/web\\\/wp-content\\\/uploads\\\/2024\\\/06\\\/Millenium-plus-Pivot.png&quot;},{&quot;id&quot;:2009,&quot;url&quot;:&quot;https:\\\/\\\/ventanasrd.com\\\/web\\\/wp-content\\\/uploads\\\/2024\\\/06\\\/DETALLE_SECURITY-EMBUTIDO_3.jpg&quot;},{&quot;id&quot;:2008,&quot;url&quot;:&quot;https:\\\/\\\/ventanasrd.com\\\/web\\\/wp-content\\\/uploads\\\/2024\\\/06\\\/COR-VISON-02.jpg&quot;},{&quot;id&quot;:2007,&quot;url&quot;:&quot;https:\\\/\\\/ventanasrd.com\\\/web\\\/wp-content\\\/uploads\\\/2024\\\/06\\\/COR-VISION-PLUS-_01-scaled.jpg&quot;},{&quot;id&quot;:2006,&quot;url&quot;:&quot;https:\\\/\\\/ventanasrd.com\\\/web\\\/wp-content\\\/uploads\\\/2024\\\/06\\\/COR-VISION-PLUS-_00-scaled.jpg&quot;},{&quot;id&quot;:2005,&quot;url&quot;:&quot;https:\\\/\\\/ventanasrd.com\\\/web\\\/wp-content\\\/uploads\\\/2024\\\/06\\\/COR-60-HO_2.jpg&quot;},{&quot;id&quot;:2004,&quot;url&quot;:&quot;https:\\\/\\\/ventanasrd.com\\\/web\\\/wp-content\\\/uploads\\\/2024\\\/06\\\/COR-60-HO.jpg&quot;},{&quot;id&quot;:2003,&quot;url&quot;:&quot;https:\\\/\\\/ventanasrd.com\\\/web\\\/wp-content\\\/uploads\\\/2024\\\/06\\\/CIERRE-SECURITY-scaled.jpg&quot;},{&quot;id&quot;:2002,&quot;url&quot;:&quot;https:\\\/\\\/ventanasrd.com\\\/web\\\/wp-content\\\/uploads\\\/2024\\\/06\\\/PLEGABLE.jpg&quot;}],&quot;background_slideshow_slide_duration&quot;:3000,&quot;background_slideshow_lazyload&quot;:&quot;yes&quot;,&quot;background_slideshow_ken_burns&quot;:&quot;yes&quot;,&quot;content_width&quot;:&quot;boxed&quot;,&quot;background_slideshow_loop&quot;:&quot;yes&quot;,&quot;background_slideshow_slide_transition&quot;:&quot;fade&quot;,&quot;background_slideshow_transition_duration&quot;:500,&quot;background_slideshow_ken_burns_zoom_direction&quot;:&quot;in&quot;}\" data-core-v316-plus=\"true\">\n\t\t\t\t\t<div class=\"e-con-inner\">\n\t\t\t\t<div class=\"elementor-element elementor-element-572eb92 elementor-widget elementor-widget-heading\" data-id=\"572eb92\" data-element_type=\"widget\" data-widget_type=\"heading.default\">\n\t\t\t\t<div class=\"elementor-widget-container\">\n\t\t\t<style>\/*! elementor - v3.18.0 - 08-12-2023 *\/\n.elementor-heading-title{padding:0;margin:0;line-height:1}.elementor-widget-heading .elementor-heading-title[class*=elementor-size-]>a{color:inherit;font-size:inherit;line-height:inherit}.elementor-widget-heading .elementor-heading-title.elementor-size-small{font-size:15px}.elementor-widget-heading .elementor-heading-title.elementor-size-medium{font-size:19px}.elementor-widget-heading .elementor-heading-title.elementor-size-large{font-size:29px}.elementor-widget-heading .elementor-heading-title.elementor-size-xl{font-size:39px}.elementor-widget-heading .elementor-heading-title.elementor-size-xxl{font-size:59px}<\/style><h1 class=\"elementor-heading-title elementor-size-default\">Materiales y Recursos<\/h1>\t\t<\/div>\n\t\t\t\t<\/div>\n\t\t\t\t<div class=\"elementor-element elementor-element-5146556 elementor-widget-divider--view-line elementor-widget elementor-widget-divider\" data-id=\"5146556\" data-element_type=\"widget\" data-widget_type=\"divider.default\">\n\t\t\t\t<div class=\"elementor-widget-container\">\n\t\t\t<style>\/*! elementor - v3.18.0 - 08-12-2023 *\/\n.elementor-widget-divider{--divider-border-style:none;--divider-border-width:1px;--divider-color:#0c0d0e;--divider-icon-size:20px;--divider-element-spacing:10px;--divider-pattern-height:24px;--divider-pattern-size:20px;--divider-pattern-url:none;--divider-pattern-repeat:repeat-x}.elementor-widget-divider .elementor-divider{display:flex}.elementor-widget-divider .elementor-divider__text{font-size:15px;line-height:1;max-width:95%}.elementor-widget-divider .elementor-divider__element{margin:0 var(--divider-element-spacing);flex-shrink:0}.elementor-widget-divider .elementor-icon{font-size:var(--divider-icon-size)}.elementor-widget-divider .elementor-divider-separator{display:flex;margin:0;direction:ltr}.elementor-widget-divider--view-line_icon .elementor-divider-separator,.elementor-widget-divider--view-line_text .elementor-divider-separator{align-items:center}.elementor-widget-divider--view-line_icon .elementor-divider-separator:after,.elementor-widget-divider--view-line_icon .elementor-divider-separator:before,.elementor-widget-divider--view-line_text .elementor-divider-separator:after,.elementor-widget-divider--view-line_text .elementor-divider-separator:before{display:block;content:\"\";border-bottom:0;flex-grow:1;border-top:var(--divider-border-width) var(--divider-border-style) var(--divider-color)}.elementor-widget-divider--element-align-left .elementor-divider .elementor-divider-separator>.elementor-divider__svg:first-of-type{flex-grow:0;flex-shrink:100}.elementor-widget-divider--element-align-left .elementor-divider-separator:before{content:none}.elementor-widget-divider--element-align-left .elementor-divider__element{margin-left:0}.elementor-widget-divider--element-align-right .elementor-divider .elementor-divider-separator>.elementor-divider__svg:last-of-type{flex-grow:0;flex-shrink:100}.elementor-widget-divider--element-align-right .elementor-divider-separator:after{content:none}.elementor-widget-divider--element-align-right .elementor-divider__element{margin-right:0}.elementor-widget-divider:not(.elementor-widget-divider--view-line_text):not(.elementor-widget-divider--view-line_icon) .elementor-divider-separator{border-top:var(--divider-border-width) var(--divider-border-style) var(--divider-color)}.elementor-widget-divider--separator-type-pattern{--divider-border-style:none}.elementor-widget-divider--separator-type-pattern.elementor-widget-divider--view-line .elementor-divider-separator,.elementor-widget-divider--separator-type-pattern:not(.elementor-widget-divider--view-line) .elementor-divider-separator:after,.elementor-widget-divider--separator-type-pattern:not(.elementor-widget-divider--view-line) .elementor-divider-separator:before,.elementor-widget-divider--separator-type-pattern:not([class*=elementor-widget-divider--view]) .elementor-divider-separator{width:100%;min-height:var(--divider-pattern-height);-webkit-mask-size:var(--divider-pattern-size) 100%;mask-size:var(--divider-pattern-size) 100%;-webkit-mask-repeat:var(--divider-pattern-repeat);mask-repeat:var(--divider-pattern-repeat);background-color:var(--divider-color);-webkit-mask-image:var(--divider-pattern-url);mask-image:var(--divider-pattern-url)}.elementor-widget-divider--no-spacing{--divider-pattern-size:auto}.elementor-widget-divider--bg-round{--divider-pattern-repeat:round}.rtl .elementor-widget-divider .elementor-divider__text{direction:rtl}.e-con-inner>.elementor-widget-divider,.e-con>.elementor-widget-divider{width:var(--container-widget-width,100%);--flex-grow:var(--container-widget-flex-grow)}<\/style>\t\t<div class=\"elementor-divider\">\n\t\t\t<span class=\"elementor-divider-separator\">\n\t\t\t\t\t\t<\/span>\n\t\t<\/div>\n\t\t\t\t<\/div>\n\t\t\t\t<\/div>\n\t\t\t\t\t<\/div>\n\t\t\t\t<\/div>\n\t\t<div class=\"elementor-element elementor-element-0bb5ea0 e-flex e-con-boxed e-con e-parent\" data-id=\"0bb5ea0\" data-element_type=\"container\" data-settings=\"{&quot;background_background&quot;:&quot;gradient&quot;,&quot;content_width&quot;:&quot;boxed&quot;}\" data-core-v316-plus=\"true\">\n\t\t\t\t\t<div class=\"e-con-inner\">\n\t\t<div class=\"elementor-element elementor-element-4ab2492 e-con-full e-flex e-con e-child\" data-id=\"4ab2492\" data-element_type=\"container\" data-settings=\"{&quot;background_background&quot;:&quot;classic&quot;,&quot;content_width&quot;:&quot;full&quot;}\">\n\t\t\t\t<div class=\"elementor-element elementor-element-0d5a861 elementor-widget elementor-widget-heading\" data-id=\"0d5a861\" data-element_type=\"widget\" data-widget_type=\"heading.default\">\n\t\t\t\t<div class=\"elementor-widget-container\">\n\t\t\t<h2 class=\"elementor-heading-title elementor-size-default\">MATERIALES Y RECURSOS<\/h2>\t\t<\/div>\n\t\t\t\t<\/div>\n\t\t\t\t<div class=\"elementor-element elementor-element-4739f0e elementor-widget elementor-widget-text-editor\" data-id=\"4739f0e\" data-element_type=\"widget\" data-widget_type=\"text-editor.default\">\n\t\t\t\t<div class=\"elementor-widget-container\">\n\t\t\t<style>\/*! elementor - v3.18.0 - 08-12-2023 *\/\n.elementor-widget-text-editor.elementor-drop-cap-view-stacked .elementor-drop-cap{background-color:#69727d;color:#fff}.elementor-widget-text-editor.elementor-drop-cap-view-framed .elementor-drop-cap{color:#69727d;border:3px solid;background-color:transparent}.elementor-widget-text-editor:not(.elementor-drop-cap-view-default) .elementor-drop-cap{margin-top:8px}.elementor-widget-text-editor:not(.elementor-drop-cap-view-default) .elementor-drop-cap-letter{width:1em;height:1em}.elementor-widget-text-editor .elementor-drop-cap{float:left;text-align:center;line-height:1;font-size:50px}.elementor-widget-text-editor .elementor-drop-cap-letter{display:inline-block}<\/style>\t\t\t\t<p>Nuestras ventanas y puertas combinan marcos con vidrio laminado resistente a los impactos y un proceso especial de vidriado de silicona para evitar que el vidrio se caiga del marco. El vidrio resistente a los impactos consta de dos l\u00e1minas de vidrio unidas con una capa intermedia de butiral de polivinilo transparente o sentryglass.<\/p><p>En caso de tormenta y hurac\u00e1n, si bien los escombros arrastrados por el viento pueden romper el vidrio con el impacto, la capa intermedia mantiene intacto el ensamblaje de la ventana o la puerta, evitando que vientos destructivos o intrusos ingresen a su propiedad.<\/p><p>Algunas de las propiedades de nuestros productos son:<\/p><ul><li>Aislamiento t\u00e9rmico<\/li><li>Protecci\u00f3n frente al ruido<\/li><li>Dise\u00f1o exclusivo<\/li><li>Modernidad y est\u00e9tica de vanguardia<\/li><li>Grandes dimensiones<\/li><\/ul>\t\t\t\t\t\t<\/div>\n\t\t\t\t<\/div>\n\t\t\t\t<\/div>\n\t\t<div class=\"elementor-element elementor-element-fb58dbb e-con-full e-flex e-con e-child\" data-id=\"fb58dbb\" data-element_type=\"container\" data-settings=\"{&quot;background_background&quot;:&quot;classic&quot;,&quot;content_width&quot;:&quot;full&quot;}\">\n\t\t\t\t<div class=\"elementor-element elementor-element-a634d06 elementor-widget elementor-widget-heading\" data-id=\"a634d06\" data-element_type=\"widget\" data-widget_type=\"heading.default\">\n\t\t\t\t<div class=\"elementor-widget-container\">\n\t\t\t<h2 class=\"elementor-heading-title elementor-size-default\">PROVEEDORES Y ALIADOS COMERCIALES<\/h2>\t\t<\/div>\n\t\t\t\t<\/div>\n\t\t\t\t<div class=\"elementor-element elementor-element-7412037 elementor-widget elementor-widget-text-editor\" data-id=\"7412037\" data-element_type=\"widget\" data-widget_type=\"text-editor.default\">\n\t\t\t\t<div class=\"elementor-widget-container\">\n\t\t\t\t\t\t\t<p>Nuestros proveedores y aliados comerciales son fabricantes confiables y altamente aclamados, con un historial comprobado de excelencia. Incluso hemos colaborado con algunas marcas para desarrollar nuevos productos que superan el est\u00e1ndar de la industria.<\/p><p>Somos <strong>Cortizo<\/strong>, con presencia en m\u00e1s de 60 pa\u00edses y referente en dise\u00f1o y fabricaci\u00f3n de perfiles de aluminio y PVC. Se distingue por completar el ciclo de producci\u00f3n: fundici\u00f3n, extrusi\u00f3n, lacado, anodizado, brillo qu\u00edmico, mecanizado, embalaje, almacenamiento y distribuci\u00f3n.<\/p>\t\t\t\t\t\t<\/div>\n\t\t\t\t<\/div>\n\t\t\t\t<\/div>\n\t\t\t\t\t<\/div>\n\t\t\t\t<\/div>\n\t\t<div class=\"elementor-element elementor-element-9e2fe83 e-flex e-con-boxed e-con e-parent\" data-id=\"9e2fe83\" data-element_type=\"container\" data-settings=\"{&quot;background_background&quot;:&quot;classic&quot;,&quot;content_width&quot;:&quot;boxed&quot;}\" data-core-v316-plus=\"true\">\n\t\t\t\t\t<div class=\"e-con-inner\">\n\t\t<div class=\"elementor-element elementor-element-fa97b69 e-con-full e-flex e-con e-child\" data-id=\"fa97b69\" data-element_type=\"container\" data-settings=\"{&quot;content_width&quot;:&quot;full&quot;}\">\n\t\t<div class=\"elementor-element elementor-element-e0b4b30 e-con-full e-flex e-con e-child\" data-id=\"e0b4b30\" data-element_type=\"container\" data-settings=\"{&quot;content_width&quot;:&quot;full&quot;}\">\n\t\t\t\t<div class=\"elementor-element elementor-element-e03ae3f elementor-invisible elementor-widget elementor-widget-heading\" data-id=\"e03ae3f\" data-element_type=\"widget\" data-settings=\"{&quot;_animation&quot;:&quot;fadeInUp&quot;}\" data-widget_type=\"heading.default\">\n\t\t\t\t<div class=\"elementor-widget-container\">\n\t\t\t<h2 class=\"elementor-heading-title elementor-size-default\">\u00bfPor qu\u00e9 escoger nuestros productos y servicios?<\/h2>\t\t<\/div>\n\t\t\t\t<\/div>\n\t\t\t\t<div class=\"elementor-element elementor-element-5c7858b elementor-widget elementor-widget-text-editor\" data-id=\"5c7858b\" data-element_type=\"widget\" data-widget_type=\"text-editor.default\">\n\t\t\t\t<div class=\"elementor-widget-container\">\n\t\t\t\t\t\t\t<p>En <em>Ventanas RD <\/em>tenemos en cuenta que cada cliente es diferente y tiene sus propias preferencias y necesidades. Es por eso que nos enfocamos en ofrecer soluciones personalizadas.<\/p>\t\t\t\t\t\t<\/div>\n\t\t\t\t<\/div>\n\t\t\t\t<div class=\"elementor-element elementor-element-447613f elementor-widget-divider--view-line elementor-widget elementor-widget-divider\" data-id=\"447613f\" data-element_type=\"widget\" data-widget_type=\"divider.default\">\n\t\t\t\t<div class=\"elementor-widget-container\">\n\t\t\t\t\t<div class=\"elementor-divider\">\n\t\t\t<span class=\"elementor-divider-separator\">\n\t\t\t\t\t\t<\/span>\n\t\t<\/div>\n\t\t\t\t<\/div>\n\t\t\t\t<\/div>\n\t\t\t\t<\/div>\n\t\t<div class=\"elementor-element elementor-element-2732ec7 e-con-full e-flex e-con e-child\" data-id=\"2732ec7\" data-element_type=\"container\" data-settings=\"{&quot;content_width&quot;:&quot;full&quot;}\">\n\t\t<div class=\"elementor-element elementor-element-d410876 e-con-full e-flex e-con e-child\" data-id=\"d410876\" data-element_type=\"container\" data-settings=\"{&quot;content_width&quot;:&quot;full&quot;}\">\n\t\t\t\t<div class=\"elementor-element elementor-element-71598d0 elementor-widget elementor-widget-text-editor\" data-id=\"71598d0\" data-element_type=\"widget\" data-widget_type=\"text-editor.default\">\n\t\t\t\t<div class=\"elementor-widget-container\">\n\t\t\t\t\t\t\tUno de los ingredientes de nuestro \u00e9xito en el negocio de instalaci\u00f3n de puertas y ventanas de vidrio es el uso de materiales de reconocida calidad, adem\u00e1s del alto control y supervisi\u00f3n en nuestros procesos. Cada aspecto se analiza con detalle, desde la escogencia del tipo de material, ubicaci\u00f3n y hasta su dise\u00f1o, todo ello para lograr un rendimiento superior, que requiera poco mantenimiento y prolongue el ciclo de vida del producto final.\t\t\t\t\t\t<\/div>\n\t\t\t\t<\/div>\n\t\t\t\t<\/div>\n\t\t<div class=\"elementor-element elementor-element-357c0b2 e-con-full e-flex e-con e-child\" data-id=\"357c0b2\" data-element_type=\"container\" data-settings=\"{&quot;content_width&quot;:&quot;full&quot;}\">\n\t\t\t\t<div class=\"elementor-element elementor-element-a8c9e7d elementor-widget elementor-widget-text-editor\" data-id=\"a8c9e7d\" data-element_type=\"widget\" data-widget_type=\"text-editor.default\">\n\t\t\t\t<div class=\"elementor-widget-container\">\n\t\t\t\t\t\t\t<p>El vidrio, en cualquiera de sus presentaciones, ofrece versatilidad como ning\u00fan otro material, pues la lista de beneficios en su uso es extensa, entre ellos resaltamos que:<\/p><ul><li>Permite aprovechar la luz natural.<\/li><li>Reduce los costos de climatizaci\u00f3n y luz artificial.<\/li><li>Provee una apariencia est\u00e9tica limpia.<\/li><li>Permite ver las cosas al otro lado de la habitaci\u00f3n sin compartir el entorno.<\/li><li>Si se dise\u00f1a correctamente, puede crear efectos visuales impresionantes.<\/li><li>Ofrece una mayor sensaci\u00f3n de tama\u00f1o y orden.<\/li><li>Se adapta a cualquier estilo de decoraci\u00f3n.<\/li><\/ul>\t\t\t\t\t\t<\/div>\n\t\t\t\t<\/div>\n\t\t\t\t<\/div>\n\t\t\t\t<\/div>\n\t\t\t\t<\/div>\n\t\t\t\t\t<\/div>\n\t\t\t\t<\/div>\n\t\t<div class=\"elementor-element elementor-element-6b082af e-flex e-con-boxed e-con e-parent\" data-id=\"6b082af\" data-element_type=\"container\" data-settings=\"{&quot;background_background&quot;:&quot;classic&quot;,&quot;background_motion_fx_motion_fx_mouse&quot;:&quot;yes&quot;,&quot;background_motion_fx_mouseTrack_effect&quot;:&quot;yes&quot;,&quot;content_width&quot;:&quot;boxed&quot;,&quot;background_motion_fx_mouseTrack_speed&quot;:{&quot;unit&quot;:&quot;px&quot;,&quot;size&quot;:1,&quot;sizes&quot;:[]}}\" data-core-v316-plus=\"true\">\n\t\t\t\t\t<div class=\"e-con-inner\">\n\t\t<div class=\"elementor-element elementor-element-8fe5882 e-con-full e-flex e-con e-child\" data-id=\"8fe5882\" data-element_type=\"container\" data-settings=\"{&quot;background_background&quot;:&quot;classic&quot;,&quot;content_width&quot;:&quot;full&quot;}\">\n\t\t\t\t<div class=\"elementor-element elementor-element-2ff9499 elementor-widget elementor-widget-image\" data-id=\"2ff9499\" data-element_type=\"widget\" data-widget_type=\"image.default\">\n\t\t\t\t<div class=\"elementor-widget-container\">\n\t\t\t<style>\/*! elementor - v3.18.0 - 08-12-2023 *\/\n.elementor-widget-image{text-align:center}.elementor-widget-image a{display:inline-block}.elementor-widget-image a img[src$=\".svg\"]{width:48px}.elementor-widget-image img{vertical-align:middle;display:inline-block}<\/style>\t\t\t\t\t\t\t\t\t\t\t\t<img fetchpriority=\"high\" decoding=\"async\" width=\"323\" height=\"160\" src=\"https:\/\/ventanasrd.com\/web\/wp-content\/uploads\/2024\/04\/LogoW3.png\" class=\"attachment-full size-full wp-image-1881\" alt=\"\" srcset=\"https:\/\/ventanasrd.com\/web\/wp-content\/uploads\/2024\/04\/LogoW3.png 323w, https:\/\/ventanasrd.com\/web\/wp-content\/uploads\/2024\/04\/LogoW3-300x149.png 300w\" sizes=\"(max-width: 323px) 100vw, 323px\" \/>\t\t\t\t\t\t\t\t\t\t\t\t\t\t\t<\/div>\n\t\t\t\t<\/div>\n\t\t\t\t<div class=\"elementor-element elementor-element-4255fbc elementor-widget-divider--view-line elementor-widget elementor-widget-divider\" data-id=\"4255fbc\" data-element_type=\"widget\" data-widget_type=\"divider.default\">\n\t\t\t\t<div class=\"elementor-widget-container\">\n\t\t\t\t\t<div class=\"elementor-divider\">\n\t\t\t<span class=\"elementor-divider-separator\">\n\t\t\t\t\t\t<\/span>\n\t\t<\/div>\n\t\t\t\t<\/div>\n\t\t\t\t<\/div>\n\t\t\t\t<div class=\"elementor-element elementor-element-ef4fbe9 elementor-widget elementor-widget-heading\" data-id=\"ef4fbe9\" data-element_type=\"widget\" data-widget_type=\"heading.default\">\n\t\t\t\t<div class=\"elementor-widget-container\">\n\t\t\t<h2 class=\"elementor-heading-title elementor-size-default\">Solicite presupuesto<\/h2>\t\t<\/div>\n\t\t\t\t<\/div>\n\t\t\t\t<div class=\"elementor-element elementor-element-b334f4f elementor-widget elementor-widget-wpforms\" data-id=\"b334f4f\" data-element_type=\"widget\" data-widget_type=\"wpforms.default\">\n\t\t\t\t<div class=\"elementor-widget-container\">\n\t\t\t<div class=\"wpforms-container \" id=\"wpforms-1623\"><form id=\"wpforms-form-1623\" class=\"wpforms-validate wpforms-form\" data-formid=\"1623\" method=\"post\" enctype=\"multipart\/form-data\" action=\"\/web\/wp-json\/wp\/v2\/pages\/18\" data-token=\"8e3f7bbc24ed763b42339038461eaf79\"><noscript class=\"wpforms-error-noscript\">Por favor, activa JavaScript en tu navegador para completar este formulario.<\/noscript><div class=\"wpforms-field-container\"><div id=\"wpforms-1623-field_0-container\" class=\"wpforms-field wpforms-field-name\" data-field-id=\"0\"><label class=\"wpforms-field-label\" for=\"wpforms-1623-field_0\">Nombre completo <span class=\"wpforms-required-label\">*<\/span><\/label><div class=\"wpforms-field-row wpforms-field-large\"><div class=\"wpforms-field-row-block wpforms-first wpforms-one-half\"><input type=\"text\" id=\"wpforms-1623-field_0\" class=\"wpforms-field-name-first wpforms-field-required\" name=\"wpforms[fields][0][first]\" required><label for=\"wpforms-1623-field_0\" class=\"wpforms-field-sublabel after \">Nombre<\/label><\/div><div class=\"wpforms-field-row-block wpforms-one-half\"><input type=\"text\" id=\"wpforms-1623-field_0-last\" class=\"wpforms-field-name-last wpforms-field-required\" name=\"wpforms[fields][0][last]\" required><label for=\"wpforms-1623-field_0-last\" class=\"wpforms-field-sublabel after \">Apellidos<\/label><\/div><\/div><\/div><div id=\"wpforms-1623-field_1-container\" class=\"wpforms-field wpforms-field-email\" data-field-id=\"1\"><label class=\"wpforms-field-label\" for=\"wpforms-1623-field_1\">Email <span class=\"wpforms-required-label\">*<\/span><\/label><input type=\"email\" id=\"wpforms-1623-field_1\" class=\"wpforms-field-large wpforms-field-required\" name=\"wpforms[fields][1]\" spellcheck=\"false\" required><\/div><div id=\"wpforms-1623-field_3-container\" class=\"wpforms-field wpforms-field-number\" data-field-id=\"3\"><label class=\"wpforms-field-label\" for=\"wpforms-1623-field_3\">Tel\u00e9fono<\/label><input type=\"number\" pattern=\"\\d*\" id=\"wpforms-1623-field_3\" class=\"wpforms-field-medium\" name=\"wpforms[fields][3]\" ><\/div><div id=\"wpforms-1623-field_2-container\" class=\"wpforms-field wpforms-field-textarea\" data-field-id=\"2\"><label class=\"wpforms-field-label\" for=\"wpforms-1623-field_2\">Asunto <span class=\"wpforms-required-label\">*<\/span><\/label><textarea id=\"wpforms-1623-field_2\" class=\"wpforms-field-medium wpforms-field-required\" name=\"wpforms[fields][2]\" required><\/textarea><\/div><\/div><!-- .wpforms-field-container --><div class=\"wpforms-submit-container\" ><input type=\"hidden\" name=\"wpforms[id]\" value=\"1623\"><input type=\"hidden\" name=\"wpforms[author]\" value=\"1\"><button type=\"submit\" name=\"wpforms[submit]\" id=\"wpforms-submit-1623\" class=\"wpforms-submit\" data-alt-text=\"Enviando...\" data-submit-text=\"ENVIAR\" aria-live=\"assertive\" value=\"wpforms-submit\">ENVIAR<\/button><\/div><\/form><\/div>  <!-- .wpforms-container -->\t\t<\/div>\n\t\t\t\t<\/div>\n\t\t\t\t<\/div>\n\t\t\t\t\t<\/div>\n\t\t\t\t<\/div>\n\t\t\t\t\t\t\t<\/div>\n\t\t","protected":false},"excerpt":{"rendered":"<p>Materiales y Recursos MATERIALES Y RECURSOS Nuestras ventanas y puertas combinan marcos con vidrio laminado resistente a los impactos y un proceso especial de vidriado de silicona para evitar que el vidrio se caiga del marco. El vidrio resistente a los impactos consta de dos l\u00e1minas de vidrio unidas con una capa intermedia de butiral &hellip;<\/p>\n<p class=\"read-more\"> <a class=\"\" href=\"https:\/\/ventanasrd.com\/web\/materiales-y-recursos\/\"> <span class=\"screen-reader-text\">Materiales y Recursos<\/span> Leer m\u00e1s &raquo;<\/a><\/p>\n","protected":false},"author":1,"featured_media":0,"parent":0,"menu_order":0,"comment_status":"closed","ping_status":"closed","template":"","meta":{"site-sidebar-layout":"no-sidebar","site-content-layout":"page-builder","ast-site-content-layout":"full-width-container","site-content-style":"unboxed","site-sidebar-style":"unboxed","ast-global-header-display":"","ast-banner-title-visibility":"","ast-main-header-display":"","ast-hfb-above-header-display":"","ast-hfb-below-header-display":"","ast-hfb-mobile-header-display":"","site-post-title":"disabled","ast-breadcrumbs-content":"disabled","ast-featured-img":"disabled","footer-sml-layout":"","theme-transparent-header-meta":"disabled","adv-header-id-meta":"","stick-header-meta":"","header-above-stick-meta":"","header-main-stick-meta":"","header-below-stick-meta":"","astra-migrate-meta-layouts":"set","ast-page-background-enabled":"default","ast-page-background-meta":{"desktop":{"background-color":"","background-image":"","background-repeat":"repeat","background-position":"center center","background-size":"auto","background-attachment":"scroll","background-type":"","background-media":"","overlay-type":"","overlay-color":"","overlay-gradient":""},"tablet":{"background-color":"","background-image":"","background-repeat":"repeat","background-position":"center center","background-size":"auto","background-attachment":"scroll","background-type":"","background-media":"","overlay-type":"","overlay-color":"","overlay-gradient":""},"mobile":{"background-color":"","background-image":"","background-repeat":"repeat","background-position":"center center","background-size":"auto","background-attachment":"scroll","background-type":"","background-media":"","overlay-type":"","overlay-color":"","overlay-gradient":""}},"ast-content-background-meta":{"desktop":{"background-color":"var(--ast-global-color-5)","background-image":"","background-repeat":"repeat","background-position":"center center","background-size":"auto","background-attachment":"scroll","background-type":"","background-media":"","overlay-type":"","overlay-color":"","overlay-gradient":""},"tablet":{"background-color":"var(--ast-global-color-5)","background-image":"","background-repeat":"repeat","background-position":"center center","background-size":"auto","background-attachment":"scroll","background-type":"","background-media":"","overlay-type":"","overlay-color":"","overlay-gradient":""},"mobile":{"background-color":"var(--ast-global-color-5)","background-image":"","background-repeat":"repeat","background-position":"center center","background-size":"auto","background-attachment":"scroll","background-type":"","background-media":"","overlay-type":"","overlay-color":"","overlay-gradient":""}},"footnotes":""},"_links":{"self":[{"href":"https:\/\/ventanasrd.com\/web\/wp-json\/wp\/v2\/pages\/18"}],"collection":[{"href":"https:\/\/ventanasrd.com\/web\/wp-json\/wp\/v2\/pages"}],"about":[{"href":"https:\/\/ventanasrd.com\/web\/wp-json\/wp\/v2\/types\/page"}],"author":[{"embeddable":true,"href":"https:\/\/ventanasrd.com\/web\/wp-json\/wp\/v2\/users\/1"}],"replies":[{"embeddable":true,"href":"https:\/\/ventanasrd.com\/web\/wp-json\/wp\/v2\/comments?post=18"}],"version-history":[{"count":35,"href":"https:\/\/ventanasrd.com\/web\/wp-json\/wp\/v2\/pages\/18\/revisions"}],"predecessor-version":[{"id":2028,"href":"https:\/\/ventanasrd.com\/web\/wp-json\/wp\/v2\/pages\/18\/revisions\/2028"}],"wp:attachment":[{"href":"https:\/\/ventanasrd.com\/web\/wp-json\/wp\/v2\/media?parent=18"}],"curies":[{"name":"wp","href":"https:\/\/api.w.org\/{rel}","templated":true}]}}